{"id":21,"date":"2022-08-25T16:53:41","date_gmt":"2022-08-25T13:53:41","guid":{"rendered":"https:\/\/johannainkinen.fi\/?page_id=21"},"modified":"2023-03-05T16:14:34","modified_gmt":"2023-03-05T14:14:34","slug":"minun-stoorini","status":"publish","type":"page","link":"https:\/\/johannainkinen.fi\/index.php\/minun-stoorini\/","title":{"rendered":"Minun stoorini"},"content":{"rendered":"<div class=\"wp-block-image\">\n<figure class=\"alignright size-large is-resized\"><img loading=\"lazy\" src=\"https:\/\/johannainkinen.fi\/wp-content\/uploads\/2022\/09\/johanna-2-rajattu-1024x902.jpg\" alt=\"Johanna Inkinen\" class=\"wp-image-226\" width=\"322\" height=\"284\" srcset=\"https:\/\/johannainkinen.fi\/wp-content\/uploads\/2022\/09\/johanna-2-rajattu-1024x902.jpg 1024w, https:\/\/johannainkinen.fi\/wp-content\/uploads\/2022\/09\/johanna-2-rajattu-300x264.jpg 300w, https:\/\/johannainkinen.fi\/wp-content\/uploads\/2022\/09\/johanna-2-rajattu-768x676.jpg 768w, https:\/\/johannainkinen.fi\/wp-content\/uploads\/2022\/09\/johanna-2-rajattu-1536x1353.jpg 1536w, https:\/\/johannainkinen.fi\/wp-content\/uploads\/2022\/09\/johanna-2-rajattu-2048x1804.jpg 2048w\" sizes=\"(max-width: 322px) 100vw, 322px\" \/><\/figure><\/div>\n\n\n<p style=\"font-size:16px\">Olen Johanna Inkinen, lakimies (OTM Helsinki 2010) ja hallintotieteiden maisteri (HTM Tampere 2003). Erityisalaani ovat oikeudelliset kysymykset viranomaistoiminnassa laidasta laitaan. Minulla on pitk\u00e4 kokemus viranomaistoiminnan juridiikasta ja hallintomenettelyst\u00e4. Kielitaitoni kattaa englannin lis\u00e4ksi ruotsin ja saksan, ja osaan my\u00f6s puolan alkeet.<br><\/p>\n\n\n\n<p style=\"font-size:16px\">Syksyll\u00e4 2020 jouduin j\u00e4\u00e4m\u00e4\u00e4n sairasel\u00e4kkeelle MS-taudin takia. Se oli minulle todella vaikea paikka: viihdyin ty\u00f6ss\u00e4ni eritt\u00e4in hyvin ja nautin monipuolisista ja haastavista teht\u00e4vist\u00e4.<br><\/p>\n\n\n\n<p style=\"font-size:16px\">Olen sairastanut MS-tautia yli 20 vuotta, mutta monet ansioluetteloni rivit olen kerrytt\u00e4nyt diagnoosin saamisen j\u00e4lkeen. Mottoni on ollut kuulemani lause: \u201d\u00c4l\u00e4 tee asioita MS-taudin vuoksi, vaan siit\u00e4 huolimatta.\u201d Lopulta sairaus on vammauttanut minut pysyv\u00e4sti; raajani eiv\u00e4t toimi, mutta p\u00e4\u00e4 toimii (tosin hitaammin ja takkuisemmin, se my\u00f6nnett\u00e4k\u00f6\u00f6n).<br><\/p>\n\n\n\n<p style=\"font-size:16px\">Nyt suunnittelen tutkijan uraa ymp\u00e4rist\u00f6oikeuden parissa. Jatko-opintojen my\u00f6t\u00e4 pystyn toivottavasti tarjoamaan palveluita my\u00f6s sen alalta.<br><\/p>\n\n\n\n<p style=\"font-size:16px\"><strong>Ansioluettelo<\/strong><\/p>\n\n\n\n<p style=\"font-size:16px\"><em>Lakimies; Turvallisuus- ja kemikaalivirasto (Tukes); 11\/2011 &#8211; 11\/2020<\/em><br>Oikeudelliset asiantuntijateht\u00e4v\u00e4t viraston yksik\u00f6ille (oikeudellisen tiedon hankinta, tulkinta ja analysointi, lausuntojen valmistelu, muutoksenhakuasiat, oikeudelliset selvitykset, hankinta-asiat, lainvalmistelu, prosessikuvausten laadintaan osallistuminen, neuvonta ja sis\u00e4inen koulutus).<\/p>\n\n\n\n<p style=\"font-size:16px\"><em>Avustava lakimies; Arkkitehtitoimistojen Liitto; 04 &#8211; 08\/2009, 01 &#8211; 02\/2010<\/em><br>Pro gradu -tutkielma rakentamisen vastuista, juridiset selvitykset, rakennusalan sopimuksia koskevien yleisten teht\u00e4v\u00e4luetteloiden valmistelu, rakennusalan ammattilaisten koulutus.<\/p>\n\n\n\n<p style=\"font-size:16px\"><em>Tutkija; LE Consulting Suomen ymp\u00e4rist\u00f6oikeusinstituutti; 09 &#8211; 12\/2009<\/em><br>Selvityksen laatiminen Kanadan ja Skotlannin lains\u00e4\u00e4d\u00e4nn\u00f6llisist\u00e4 ratkaisuista kansallista lainvalmistelua varten.<\/p>\n\n\n\n<p style=\"font-size:16px\"><em>Talousp\u00e4\u00e4llikk\u00f6; It\u00e4meren ymp\u00e4rist\u00f6tutkimusta rahoittava etuyhtym\u00e4 BONUS ETEY; 6 kk \/ 2007<\/em><br>Perustamissopimusten kansainv\u00e4liseen valmisteluun osallistuminen, perustamisen juridiset kysymykset, budjetin laatiminen.<\/p>\n\n\n\n<p style=\"font-size:16px\"><em>Tiedeasiantuntija; Suomen Akatemia; 01\/2005 &#8211; 10\/2007<\/em><br>Kansainv\u00e4lisen EU-projektin taloudesta vastaaminen, kumppaneiden konsultointi, hallinto- ja tiedotusteht\u00e4v\u00e4t.<\/p>\n\n\n\n<p style=\"font-size:16px\"><em>Projektikoordinaattori; H\u00e4meen maakuntaliitto; 08\/2002 &#8211; 01\/2005<\/em><br>EU-projektin taloudesta vastaaminen, taloushallinnon kehitt\u00e4minen projektille. Hallinto- ja tiedotusteht\u00e4v\u00e4t.<\/p>\n\n\n\n<p style=\"font-size:16px\"><em>Assistentti; Suomen Kuntaliiton Brysselin toimisto; 5 kk \/ 2002<\/em><br><\/p>\n\n\n\n<p style=\"font-size:16px\"><strong>Ty\u00f6kielet<\/strong><br>Suomi, englanti, ruotsi, saksa, puolan alkeet<\/p>\n\n\n\n<p><br>&nbsp;<\/p>\n","protected":false},"excerpt":{"rendered":"<p>Olen Johanna Inkinen, lakimies (OTM Helsinki 2010) ja hallintotieteiden maisteri (HTM Tampere 2003). Erityisalaani ovat oikeudelliset kysymykset viranomaistoiminnassa laidasta laitaan. &hellip; <a href=\"https:\/\/johannainkinen.fi\/index.php\/minun-stoorini\/\" class=\"more-link\">Continue reading <span class=\"screen-reader-text\">Minun stoorini<\/span><\/a><\/p>\n","protected":false},"author":1,"featured_media":0,"parent":0,"menu_order":0,"comment_status":"closed","ping_status":"closed","template":"","meta":{"iawp_total_views":252},"yoast_head":"<!-- This site is optimized with the Yoast SEO plugin v20.6 - https:\/\/yoast.com\/wordpress\/plugins\/seo\/ -->\n<title>Minun stoorini - Laki J. Inkinen<\/title>\n<meta name=\"robots\" content=\"index, follow, max-snippet:-1, max-image-preview:large, max-video-preview:-1\" \/>\n<link rel=\"canonical\" href=\"https:\/\/johannainkinen.fi\/index.php\/minun-stoorini\/\" \/>\n<meta property=\"og:locale\" content=\"fi_FI\" \/>\n<meta property=\"og:type\" content=\"article\" \/>\n<meta property=\"og:title\" content=\"Minun stoorini - Laki J. Inkinen\" \/>\n<meta property=\"og:description\" content=\"Olen Johanna Inkinen, lakimies (OTM Helsinki 2010) ja hallintotieteiden maisteri (HTM Tampere 2003). Erityisalaani ovat oikeudelliset kysymykset viranomaistoiminnassa laidasta laitaan. &hellip; Continue reading Minun stoorini\" \/>\n<meta property=\"og:url\" content=\"https:\/\/johannainkinen.fi\/index.php\/minun-stoorini\/\" \/>\n<meta property=\"og:site_name\" content=\"Laki J. Inkinen\" \/>\n<meta property=\"article:modified_time\" content=\"2023-03-05T14:14:34+00:00\" \/>\n<meta property=\"og:image\" content=\"https:\/\/johannainkinen.fi\/wp-content\/uploads\/2022\/09\/johanna-2-rajattu-1024x902.jpg\" \/>\n<meta name=\"twitter:card\" content=\"summary_large_image\" \/>\n<meta name=\"twitter:label1\" content=\"Arvioitu lukuaika\" \/>\n\t<meta name=\"twitter:data1\" content=\"2 minuuttia\" \/>\n<script type=\"application\/ld+json\" class=\"yoast-schema-graph\">{\"@context\":\"https:\/\/schema.org\",\"@graph\":[{\"@type\":\"WebPage\",\"@id\":\"https:\/\/johannainkinen.fi\/index.php\/minun-stoorini\/\",\"url\":\"https:\/\/johannainkinen.fi\/index.php\/minun-stoorini\/\",\"name\":\"Minun stoorini - Laki J. Inkinen\",\"isPartOf\":{\"@id\":\"https:\/\/johannainkinen.fi\/#website\"},\"datePublished\":\"2022-08-25T13:53:41+00:00\",\"dateModified\":\"2023-03-05T14:14:34+00:00\",\"breadcrumb\":{\"@id\":\"https:\/\/johannainkinen.fi\/index.php\/minun-stoorini\/#breadcrumb\"},\"inLanguage\":\"fi\",\"potentialAction\":[{\"@type\":\"ReadAction\",\"target\":[\"https:\/\/johannainkinen.fi\/index.php\/minun-stoorini\/\"]}]},{\"@type\":\"BreadcrumbList\",\"@id\":\"https:\/\/johannainkinen.fi\/index.php\/minun-stoorini\/#breadcrumb\",\"itemListElement\":[{\"@type\":\"ListItem\",\"position\":1,\"name\":\"Etusivu\",\"item\":\"https:\/\/johannainkinen.fi\/\"},{\"@type\":\"ListItem\",\"position\":2,\"name\":\"Minun stoorini\"}]},{\"@type\":\"WebSite\",\"@id\":\"https:\/\/johannainkinen.fi\/#website\",\"url\":\"https:\/\/johannainkinen.fi\/\",\"name\":\"Laki J. Inkinen\",\"description\":\"Yhden naisen asiantuntijayritys\",\"publisher\":{\"@id\":\"https:\/\/johannainkinen.fi\/#organization\"},\"potentialAction\":[{\"@type\":\"SearchAction\",\"target\":{\"@type\":\"EntryPoint\",\"urlTemplate\":\"https:\/\/johannainkinen.fi\/?s={search_term_string}\"},\"query-input\":\"required name=search_term_string\"}],\"inLanguage\":\"fi\"},{\"@type\":\"Organization\",\"@id\":\"https:\/\/johannainkinen.fi\/#organization\",\"name\":\"Laki J. Inkinen\",\"url\":\"https:\/\/johannainkinen.fi\/\",\"logo\":{\"@type\":\"ImageObject\",\"inLanguage\":\"fi\",\"@id\":\"https:\/\/johannainkinen.fi\/#\/schema\/logo\/image\/\",\"url\":\"https:\/\/johannainkinen.fi\/wp-content\/uploads\/2022\/09\/omenankukat4-scaled.jpg\",\"contentUrl\":\"https:\/\/johannainkinen.fi\/wp-content\/uploads\/2022\/09\/omenankukat4-scaled.jpg\",\"width\":2560,\"height\":1707,\"caption\":\"Laki J. Inkinen\"},\"image\":{\"@id\":\"https:\/\/johannainkinen.fi\/#\/schema\/logo\/image\/\"}}]}<\/script>\n<!-- \/ Yoast SEO plugin. -->","yoast_head_json":{"title":"Minun stoorini - Laki J. Inkinen","robots":{"index":"index","follow":"follow","max-snippet":"max-snippet:-1","max-image-preview":"max-image-preview:large","max-video-preview":"max-video-preview:-1"},"canonical":"https:\/\/johannainkinen.fi\/index.php\/minun-stoorini\/","og_locale":"fi_FI","og_type":"article","og_title":"Minun stoorini - Laki J. Inkinen","og_description":"Olen Johanna Inkinen, lakimies (OTM Helsinki 2010) ja hallintotieteiden maisteri (HTM Tampere 2003). Erityisalaani ovat oikeudelliset kysymykset viranomaistoiminnassa laidasta laitaan. &hellip; Continue reading Minun stoorini","og_url":"https:\/\/johannainkinen.fi\/index.php\/minun-stoorini\/","og_site_name":"Laki J. Inkinen","article_modified_time":"2023-03-05T14:14:34+00:00","og_image":[{"url":"https:\/\/johannainkinen.fi\/wp-content\/uploads\/2022\/09\/johanna-2-rajattu-1024x902.jpg"}],"twitter_card":"summary_large_image","twitter_misc":{"Arvioitu lukuaika":"2 minuuttia"},"schema":{"@context":"https:\/\/schema.org","@graph":[{"@type":"WebPage","@id":"https:\/\/johannainkinen.fi\/index.php\/minun-stoorini\/","url":"https:\/\/johannainkinen.fi\/index.php\/minun-stoorini\/","name":"Minun stoorini - Laki J. Inkinen","isPartOf":{"@id":"https:\/\/johannainkinen.fi\/#website"},"datePublished":"2022-08-25T13:53:41+00:00","dateModified":"2023-03-05T14:14:34+00:00","breadcrumb":{"@id":"https:\/\/johannainkinen.fi\/index.php\/minun-stoorini\/#breadcrumb"},"inLanguage":"fi","potentialAction":[{"@type":"ReadAction","target":["https:\/\/johannainkinen.fi\/index.php\/minun-stoorini\/"]}]},{"@type":"BreadcrumbList","@id":"https:\/\/johannainkinen.fi\/index.php\/minun-stoorini\/#breadcrumb","itemListElement":[{"@type":"ListItem","position":1,"name":"Etusivu","item":"https:\/\/johannainkinen.fi\/"},{"@type":"ListItem","position":2,"name":"Minun stoorini"}]},{"@type":"WebSite","@id":"https:\/\/johannainkinen.fi\/#website","url":"https:\/\/johannainkinen.fi\/","name":"Laki J. Inkinen","description":"Yhden naisen asiantuntijayritys","publisher":{"@id":"https:\/\/johannainkinen.fi\/#organization"},"potentialAction":[{"@type":"SearchAction","target":{"@type":"EntryPoint","urlTemplate":"https:\/\/johannainkinen.fi\/?s={search_term_string}"},"query-input":"required name=search_term_string"}],"inLanguage":"fi"},{"@type":"Organization","@id":"https:\/\/johannainkinen.fi\/#organization","name":"Laki J. Inkinen","url":"https:\/\/johannainkinen.fi\/","logo":{"@type":"ImageObject","inLanguage":"fi","@id":"https:\/\/johannainkinen.fi\/#\/schema\/logo\/image\/","url":"https:\/\/johannainkinen.fi\/wp-content\/uploads\/2022\/09\/omenankukat4-scaled.jpg","contentUrl":"https:\/\/johannainkinen.fi\/wp-content\/uploads\/2022\/09\/omenankukat4-scaled.jpg","width":2560,"height":1707,"caption":"Laki J. Inkinen"},"image":{"@id":"https:\/\/johannainkinen.fi\/#\/schema\/logo\/image\/"}}]}},"_links":{"self":[{"href":"https:\/\/johannainkinen.fi\/index.php\/wp-json\/wp\/v2\/pages\/21"}],"collection":[{"href":"https:\/\/johannainkinen.fi\/index.php\/wp-json\/wp\/v2\/pages"}],"about":[{"href":"https:\/\/johannainkinen.fi\/index.php\/wp-json\/wp\/v2\/types\/page"}],"author":[{"embeddable":true,"href":"https:\/\/johannainkinen.fi\/index.php\/wp-json\/wp\/v2\/users\/1"}],"replies":[{"embeddable":true,"href":"https:\/\/johannainkinen.fi\/index.php\/wp-json\/wp\/v2\/comments?post=21"}],"version-history":[{"count":22,"href":"https:\/\/johannainkinen.fi\/index.php\/wp-json\/wp\/v2\/pages\/21\/revisions"}],"predecessor-version":[{"id":397,"href":"https:\/\/johannainkinen.fi\/index.php\/wp-json\/wp\/v2\/pages\/21\/revisions\/397"}],"wp:attachment":[{"href":"https:\/\/johannainkinen.fi\/index.php\/wp-json\/wp\/v2\/media?parent=21"}],"curies":[{"name":"wp","href":"https:\/\/api.w.org\/{rel}","templated":true}]}}