{"id":37,"date":"2022-08-26T10:24:14","date_gmt":"2022-08-26T07:24:14","guid":{"rendered":"https:\/\/johannainkinen.fi\/index.php\/front-page\/"},"modified":"2022-09-23T11:03:00","modified_gmt":"2022-09-23T08:03:00","slug":"etusivu-2","status":"publish","type":"page","link":"https:\/\/johannainkinen.fi\/","title":{"rendered":"Lakineuvonta"},"content":{"rendered":"","protected":false},"excerpt":{"rendered":"","protected":false},"author":1,"featured_media":0,"parent":0,"menu_order":0,"comment_status":"closed","ping_status":"closed","template":"page-templates\/template-home.php","meta":{"iawp_total_views":441},"yoast_head":"<!-- This site is optimized with the Yoast SEO plugin v20.6 - https:\/\/yoast.com\/wordpress\/plugins\/seo\/ -->\n<title>Lakineuvonta - Laki J. Inkinen<\/title>\n<meta name=\"description\" content=\"Autan organisaatioita ja yksityishenkil\u00f6it\u00e4kin ongelmissa, jotka liittyv\u00e4t viranomaistoimintaan (esimerkiksi hallintolain kysymykset, kuten p\u00e4\u00e4t\u00f6sten perusteleminen, sek\u00e4 virkamiehen vastuut ja velvollisuudet). Voit pyyt\u00e4\u00e4 minua my\u00f6s luennoimaan ja kouluttamaan tai pohtimaan prosessikuvausten mielekkyytt\u00e4.\" \/>\n<meta name=\"robots\" content=\"index, follow, max-snippet:-1, max-image-preview:large, max-video-preview:-1\" \/>\n<link rel=\"canonical\" href=\"https:\/\/johannainkinen.fi\/\" \/>\n<meta property=\"og:locale\" content=\"fi_FI\" \/>\n<meta property=\"og:type\" content=\"article\" \/>\n<meta property=\"og:title\" content=\"Lakineuvonta - Laki J. Inkinen\" \/>\n<meta property=\"og:description\" content=\"Autan organisaatioita ja yksityishenkil\u00f6it\u00e4kin ongelmissa, jotka liittyv\u00e4t viranomaistoimintaan (esimerkiksi hallintolain kysymykset, kuten p\u00e4\u00e4t\u00f6sten perusteleminen, sek\u00e4 virkamiehen vastuut ja velvollisuudet). Voit pyyt\u00e4\u00e4 minua my\u00f6s luennoimaan ja kouluttamaan tai pohtimaan prosessikuvausten mielekkyytt\u00e4.\" \/>\n<meta property=\"og:url\" content=\"https:\/\/johannainkinen.fi\/\" \/>\n<meta property=\"og:site_name\" content=\"Laki J. Inkinen\" \/>\n<meta property=\"article:modified_time\" content=\"2022-09-23T08:03:00+00:00\" \/>\n<meta name=\"twitter:card\" content=\"summary_large_image\" \/>\n<script type=\"application\/ld+json\" class=\"yoast-schema-graph\">{\"@context\":\"https:\/\/schema.org\",\"@graph\":[{\"@type\":\"WebPage\",\"@id\":\"https:\/\/johannainkinen.fi\/\",\"url\":\"https:\/\/johannainkinen.fi\/\",\"name\":\"Lakineuvonta - Laki J. Inkinen\",\"isPartOf\":{\"@id\":\"https:\/\/johannainkinen.fi\/#website\"},\"datePublished\":\"2022-08-26T07:24:14+00:00\",\"dateModified\":\"2022-09-23T08:03:00+00:00\",\"description\":\"Autan organisaatioita ja yksityishenkil\u00f6it\u00e4kin ongelmissa, jotka liittyv\u00e4t viranomaistoimintaan (esimerkiksi hallintolain kysymykset, kuten p\u00e4\u00e4t\u00f6sten perusteleminen, sek\u00e4 virkamiehen vastuut ja velvollisuudet). Voit pyyt\u00e4\u00e4 minua my\u00f6s luennoimaan ja kouluttamaan tai pohtimaan prosessikuvausten mielekkyytt\u00e4.\",\"breadcrumb\":{\"@id\":\"https:\/\/johannainkinen.fi\/#breadcrumb\"},\"inLanguage\":\"fi\",\"potentialAction\":[{\"@type\":\"ReadAction\",\"target\":[\"https:\/\/johannainkinen.fi\/\"]}]},{\"@type\":\"BreadcrumbList\",\"@id\":\"https:\/\/johannainkinen.fi\/#breadcrumb\",\"itemListElement\":[{\"@type\":\"ListItem\",\"position\":1,\"name\":\"Etusivu\",\"item\":\"https:\/\/johannainkinen.fi\/\"},{\"@type\":\"ListItem\",\"position\":2,\"name\":\"Lakineuvonta\"}]},{\"@type\":\"WebSite\",\"@id\":\"https:\/\/johannainkinen.fi\/#website\",\"url\":\"https:\/\/johannainkinen.fi\/\",\"name\":\"Laki J. Inkinen\",\"description\":\"Yhden naisen asiantuntijayritys\",\"publisher\":{\"@id\":\"https:\/\/johannainkinen.fi\/#organization\"},\"potentialAction\":[{\"@type\":\"SearchAction\",\"target\":{\"@type\":\"EntryPoint\",\"urlTemplate\":\"https:\/\/johannainkinen.fi\/?s={search_term_string}\"},\"query-input\":\"required name=search_term_string\"}],\"inLanguage\":\"fi\"},{\"@type\":\"Organization\",\"@id\":\"https:\/\/johannainkinen.fi\/#organization\",\"name\":\"Laki J. Inkinen\",\"url\":\"https:\/\/johannainkinen.fi\/\",\"logo\":{\"@type\":\"ImageObject\",\"inLanguage\":\"fi\",\"@id\":\"https:\/\/johannainkinen.fi\/#\/schema\/logo\/image\/\",\"url\":\"https:\/\/johannainkinen.fi\/wp-content\/uploads\/2022\/09\/omenankukat4-scaled.jpg\",\"contentUrl\":\"https:\/\/johannainkinen.fi\/wp-content\/uploads\/2022\/09\/omenankukat4-scaled.jpg\",\"width\":2560,\"height\":1707,\"caption\":\"Laki J. Inkinen\"},\"image\":{\"@id\":\"https:\/\/johannainkinen.fi\/#\/schema\/logo\/image\/\"}}]}<\/script>\n<!-- \/ Yoast SEO plugin. -->","yoast_head_json":{"title":"Lakineuvonta - Laki J. Inkinen","description":"Autan organisaatioita ja yksityishenkil\u00f6it\u00e4kin ongelmissa, jotka liittyv\u00e4t viranomaistoimintaan (esimerkiksi hallintolain kysymykset, kuten p\u00e4\u00e4t\u00f6sten perusteleminen, sek\u00e4 virkamiehen vastuut ja velvollisuudet). Voit pyyt\u00e4\u00e4 minua my\u00f6s luennoimaan ja kouluttamaan tai pohtimaan prosessikuvausten mielekkyytt\u00e4.","robots":{"index":"index","follow":"follow","max-snippet":"max-snippet:-1","max-image-preview":"max-image-preview:large","max-video-preview":"max-video-preview:-1"},"canonical":"https:\/\/johannainkinen.fi\/","og_locale":"fi_FI","og_type":"article","og_title":"Lakineuvonta - Laki J. Inkinen","og_description":"Autan organisaatioita ja yksityishenkil\u00f6it\u00e4kin ongelmissa, jotka liittyv\u00e4t viranomaistoimintaan (esimerkiksi hallintolain kysymykset, kuten p\u00e4\u00e4t\u00f6sten perusteleminen, sek\u00e4 virkamiehen vastuut ja velvollisuudet). Voit pyyt\u00e4\u00e4 minua my\u00f6s luennoimaan ja kouluttamaan tai pohtimaan prosessikuvausten mielekkyytt\u00e4.","og_url":"https:\/\/johannainkinen.fi\/","og_site_name":"Laki J. Inkinen","article_modified_time":"2022-09-23T08:03:00+00:00","twitter_card":"summary_large_image","schema":{"@context":"https:\/\/schema.org","@graph":[{"@type":"WebPage","@id":"https:\/\/johannainkinen.fi\/","url":"https:\/\/johannainkinen.fi\/","name":"Lakineuvonta - Laki J. Inkinen","isPartOf":{"@id":"https:\/\/johannainkinen.fi\/#website"},"datePublished":"2022-08-26T07:24:14+00:00","dateModified":"2022-09-23T08:03:00+00:00","description":"Autan organisaatioita ja yksityishenkil\u00f6it\u00e4kin ongelmissa, jotka liittyv\u00e4t viranomaistoimintaan (esimerkiksi hallintolain kysymykset, kuten p\u00e4\u00e4t\u00f6sten perusteleminen, sek\u00e4 virkamiehen vastuut ja velvollisuudet). Voit pyyt\u00e4\u00e4 minua my\u00f6s luennoimaan ja kouluttamaan tai pohtimaan prosessikuvausten mielekkyytt\u00e4.","breadcrumb":{"@id":"https:\/\/johannainkinen.fi\/#breadcrumb"},"inLanguage":"fi","potentialAction":[{"@type":"ReadAction","target":["https:\/\/johannainkinen.fi\/"]}]},{"@type":"BreadcrumbList","@id":"https:\/\/johannainkinen.fi\/#breadcrumb","itemListElement":[{"@type":"ListItem","position":1,"name":"Etusivu","item":"https:\/\/johannainkinen.fi\/"},{"@type":"ListItem","position":2,"name":"Lakineuvonta"}]},{"@type":"WebSite","@id":"https:\/\/johannainkinen.fi\/#website","url":"https:\/\/johannainkinen.fi\/","name":"Laki J. Inkinen","description":"Yhden naisen asiantuntijayritys","publisher":{"@id":"https:\/\/johannainkinen.fi\/#organization"},"potentialAction":[{"@type":"SearchAction","target":{"@type":"EntryPoint","urlTemplate":"https:\/\/johannainkinen.fi\/?s={search_term_string}"},"query-input":"required name=search_term_string"}],"inLanguage":"fi"},{"@type":"Organization","@id":"https:\/\/johannainkinen.fi\/#organization","name":"Laki J. Inkinen","url":"https:\/\/johannainkinen.fi\/","logo":{"@type":"ImageObject","inLanguage":"fi","@id":"https:\/\/johannainkinen.fi\/#\/schema\/logo\/image\/","url":"https:\/\/johannainkinen.fi\/wp-content\/uploads\/2022\/09\/omenankukat4-scaled.jpg","contentUrl":"https:\/\/johannainkinen.fi\/wp-content\/uploads\/2022\/09\/omenankukat4-scaled.jpg","width":2560,"height":1707,"caption":"Laki J. Inkinen"},"image":{"@id":"https:\/\/johannainkinen.fi\/#\/schema\/logo\/image\/"}}]}},"_links":{"self":[{"href":"https:\/\/johannainkinen.fi\/index.php\/wp-json\/wp\/v2\/pages\/37"}],"collection":[{"href":"https:\/\/johannainkinen.fi\/index.php\/wp-json\/wp\/v2\/pages"}],"about":[{"href":"https:\/\/johannainkinen.fi\/index.php\/wp-json\/wp\/v2\/types\/page"}],"author":[{"embeddable":true,"href":"https:\/\/johannainkinen.fi\/index.php\/wp-json\/wp\/v2\/users\/1"}],"replies":[{"embeddable":true,"href":"https:\/\/johannainkinen.fi\/index.php\/wp-json\/wp\/v2\/comments?post=37"}],"version-history":[{"count":2,"href":"https:\/\/johannainkinen.fi\/index.php\/wp-json\/wp\/v2\/pages\/37\/revisions"}],"predecessor-version":[{"id":392,"href":"https:\/\/johannainkinen.fi\/index.php\/wp-json\/wp\/v2\/pages\/37\/revisions\/392"}],"wp:attachment":[{"href":"https:\/\/johannainkinen.fi\/index.php\/wp-json\/wp\/v2\/media?parent=37"}],"curies":[{"name":"wp","href":"https:\/\/api.w.org\/{rel}","templated":true}]}}