{"id":8,"date":"2022-08-25T13:37:53","date_gmt":"2022-08-25T13:37:53","guid":{"rendered":"https:\/\/johannainkinen.fi\/?page_id=8"},"modified":"2022-09-08T17:16:53","modified_gmt":"2022-09-08T14:16:53","slug":"ota-yhteytta","status":"publish","type":"page","link":"https:\/\/johannainkinen.fi\/index.php\/ota-yhteytta\/","title":{"rendered":"Ota yhteytt\u00e4"},"content":{"rendered":"\n<p style=\"font-size:16px\">Johanna Inkinen<\/p>\n\n\n\n<p style=\"font-size:16px\">Valmetinkatu 2 C 45, 33900 Tampere<\/p>\n\n\n\n<p><\/p>\n\n\n\n<p style=\"font-size:16px\">Puh: 040-5657393<\/p>\n\n\n\n<p style=\"font-size:16px\">S\u00e4hk\u00f6posti: <a href=\"mailto:johanna@johannainkinen.fi\">johanna@johannainkinen.fi<\/a><\/p>\n\n\n<div class=\"wpforms-container wpforms-container-full wpforms-block\" id=\"wpforms-5\"><form id=\"wpforms-form-5\" class=\"wpforms-validate wpforms-form wpforms-ajax-form\" data-formid=\"5\" method=\"post\" enctype=\"multipart\/form-data\" action=\"\/index.php\/wp-json\/wp\/v2\/pages\/8\" data-token=\"8799772f0a3533a6329981d9902ad8ce\" data-token-time=\"1777429805\"><noscript class=\"wpforms-error-noscript\">Please enable JavaScript in your browser to complete this form.<\/noscript><div class=\"wpforms-field-container\"><div id=\"wpforms-5-field_0-container\" class=\"wpforms-field wpforms-field-name\" data-field-id=\"0\"><label class=\"wpforms-field-label\" for=\"wpforms-5-field_0\">Nimi <span class=\"wpforms-required-label\">*<\/span><\/label><input type=\"text\" id=\"wpforms-5-field_0\" class=\"wpforms-field-medium wpforms-field-required\" name=\"wpforms[fields][0]\" required><\/div><div id=\"wpforms-5-field_1-container\" class=\"wpforms-field wpforms-field-email\" data-field-id=\"1\"><label class=\"wpforms-field-label\" for=\"wpforms-5-field_1\">S\u00e4hk\u00f6posti <span class=\"wpforms-required-label\">*<\/span><\/label><input type=\"email\" id=\"wpforms-5-field_1\" class=\"wpforms-field-medium wpforms-field-required\" name=\"wpforms[fields][1]\" spellcheck=\"false\" required><\/div><div id=\"wpforms-5-field_3-container\" class=\"wpforms-field wpforms-field-number\" data-field-id=\"3\"><label class=\"wpforms-field-label\" for=\"wpforms-5-field_3\">Puhelin<\/label><input type=\"number\" id=\"wpforms-5-field_3\" class=\"wpforms-field-medium\" name=\"wpforms[fields][3]\" step=\"any\" ><\/div><div id=\"wpforms-5-field_2-container\" class=\"wpforms-field wpforms-field-textarea\" data-field-id=\"2\"><label class=\"wpforms-field-label\" for=\"wpforms-5-field_2\">Viesti<\/label><textarea id=\"wpforms-5-field_2\" class=\"wpforms-field-medium\" name=\"wpforms[fields][2]\" ><\/textarea><\/div><\/div><!-- .wpforms-field-container --><div class=\"wpforms-submit-container\" ><input type=\"hidden\" name=\"wpforms[id]\" value=\"5\"><input type=\"hidden\" name=\"page_title\" value=\"\"><input type=\"hidden\" name=\"page_url\" value=\"https:\/\/johannainkinen.fi\/index.php\/wp-json\/wp\/v2\/pages\/8\"><input type=\"hidden\" name=\"url_referer\" value=\"\"><button type=\"submit\" name=\"wpforms[submit]\" id=\"wpforms-submit-5\" class=\"wpforms-submit\" data-alt-text=\"L\u00e4hetet\u00e4\u00e4n...\" data-submit-text=\"L\u00e4het\u00e4\" aria-live=\"assertive\" value=\"wpforms-submit\">L\u00e4het\u00e4<\/button><img loading=\"lazy\" src=\"https:\/\/johannainkinen.fi\/wp-content\/plugins\/wpforms-lite\/assets\/images\/submit-spin.svg\" class=\"wpforms-submit-spinner\" style=\"display: none;\" width=\"26\" height=\"26\" alt=\"Loading\"><\/div><\/form><\/div>  <!-- .wpforms-container -->","protected":false},"excerpt":{"rendered":"<p>Johanna Inkinen Valmetinkatu 2 C 45, 33900 Tampere Puh: 040-5657393 S\u00e4hk\u00f6posti: johanna@johannainkinen.fi<\/p>\n","protected":false},"author":1,"featured_media":0,"parent":0,"menu_order":0,"comment_status":"closed","ping_status":"closed","template":"","meta":{"iawp_total_views":119},"yoast_head":"<!-- This site is optimized with the Yoast SEO plugin v20.6 - https:\/\/yoast.com\/wordpress\/plugins\/seo\/ -->\n<title>Ota yhteytt\u00e4 - Laki J. Inkinen<\/title>\n<meta name=\"robots\" content=\"index, follow, max-snippet:-1, max-image-preview:large, max-video-preview:-1\" \/>\n<link rel=\"canonical\" href=\"https:\/\/johannainkinen.fi\/index.php\/ota-yhteytta\/\" \/>\n<meta property=\"og:locale\" content=\"fi_FI\" \/>\n<meta property=\"og:type\" content=\"article\" \/>\n<meta property=\"og:title\" content=\"Ota yhteytt\u00e4 - Laki J. Inkinen\" \/>\n<meta property=\"og:description\" content=\"Johanna Inkinen Valmetinkatu 2 C 45, 33900 Tampere Puh: 040-5657393 S\u00e4hk\u00f6posti: johanna@johannainkinen.fi\" \/>\n<meta property=\"og:url\" content=\"https:\/\/johannainkinen.fi\/index.php\/ota-yhteytta\/\" \/>\n<meta property=\"og:site_name\" content=\"Laki J. Inkinen\" \/>\n<meta property=\"article:modified_time\" content=\"2022-09-08T14:16:53+00:00\" \/>\n<meta name=\"twitter:card\" content=\"summary_large_image\" \/>\n<meta name=\"twitter:label1\" content=\"Arvioitu lukuaika\" \/>\n\t<meta name=\"twitter:data1\" content=\"1 minuutti\" \/>\n<script type=\"application\/ld+json\" class=\"yoast-schema-graph\">{\"@context\":\"https:\/\/schema.org\",\"@graph\":[{\"@type\":\"WebPage\",\"@id\":\"https:\/\/johannainkinen.fi\/index.php\/ota-yhteytta\/\",\"url\":\"https:\/\/johannainkinen.fi\/index.php\/ota-yhteytta\/\",\"name\":\"Ota yhteytt\u00e4 - Laki J. Inkinen\",\"isPartOf\":{\"@id\":\"https:\/\/johannainkinen.fi\/#website\"},\"datePublished\":\"2022-08-25T13:37:53+00:00\",\"dateModified\":\"2022-09-08T14:16:53+00:00\",\"breadcrumb\":{\"@id\":\"https:\/\/johannainkinen.fi\/index.php\/ota-yhteytta\/#breadcrumb\"},\"inLanguage\":\"fi\",\"potentialAction\":[{\"@type\":\"ReadAction\",\"target\":[\"https:\/\/johannainkinen.fi\/index.php\/ota-yhteytta\/\"]}]},{\"@type\":\"BreadcrumbList\",\"@id\":\"https:\/\/johannainkinen.fi\/index.php\/ota-yhteytta\/#breadcrumb\",\"itemListElement\":[{\"@type\":\"ListItem\",\"position\":1,\"name\":\"Etusivu\",\"item\":\"https:\/\/johannainkinen.fi\/\"},{\"@type\":\"ListItem\",\"position\":2,\"name\":\"Ota yhteytt\u00e4\"}]},{\"@type\":\"WebSite\",\"@id\":\"https:\/\/johannainkinen.fi\/#website\",\"url\":\"https:\/\/johannainkinen.fi\/\",\"name\":\"Laki J. Inkinen\",\"description\":\"Yhden naisen asiantuntijayritys\",\"publisher\":{\"@id\":\"https:\/\/johannainkinen.fi\/#organization\"},\"potentialAction\":[{\"@type\":\"SearchAction\",\"target\":{\"@type\":\"EntryPoint\",\"urlTemplate\":\"https:\/\/johannainkinen.fi\/?s={search_term_string}\"},\"query-input\":\"required name=search_term_string\"}],\"inLanguage\":\"fi\"},{\"@type\":\"Organization\",\"@id\":\"https:\/\/johannainkinen.fi\/#organization\",\"name\":\"Laki J. Inkinen\",\"url\":\"https:\/\/johannainkinen.fi\/\",\"logo\":{\"@type\":\"ImageObject\",\"inLanguage\":\"fi\",\"@id\":\"https:\/\/johannainkinen.fi\/#\/schema\/logo\/image\/\",\"url\":\"https:\/\/johannainkinen.fi\/wp-content\/uploads\/2022\/09\/omenankukat4-scaled.jpg\",\"contentUrl\":\"https:\/\/johannainkinen.fi\/wp-content\/uploads\/2022\/09\/omenankukat4-scaled.jpg\",\"width\":2560,\"height\":1707,\"caption\":\"Laki J. Inkinen\"},\"image\":{\"@id\":\"https:\/\/johannainkinen.fi\/#\/schema\/logo\/image\/\"}}]}<\/script>\n<!-- \/ Yoast SEO plugin. -->","yoast_head_json":{"title":"Ota yhteytt\u00e4 - Laki J. Inkinen","robots":{"index":"index","follow":"follow","max-snippet":"max-snippet:-1","max-image-preview":"max-image-preview:large","max-video-preview":"max-video-preview:-1"},"canonical":"https:\/\/johannainkinen.fi\/index.php\/ota-yhteytta\/","og_locale":"fi_FI","og_type":"article","og_title":"Ota yhteytt\u00e4 - Laki J. Inkinen","og_description":"Johanna Inkinen Valmetinkatu 2 C 45, 33900 Tampere Puh: 040-5657393 S\u00e4hk\u00f6posti: johanna@johannainkinen.fi","og_url":"https:\/\/johannainkinen.fi\/index.php\/ota-yhteytta\/","og_site_name":"Laki J. Inkinen","article_modified_time":"2022-09-08T14:16:53+00:00","twitter_card":"summary_large_image","twitter_misc":{"Arvioitu lukuaika":"1 minuutti"},"schema":{"@context":"https:\/\/schema.org","@graph":[{"@type":"WebPage","@id":"https:\/\/johannainkinen.fi\/index.php\/ota-yhteytta\/","url":"https:\/\/johannainkinen.fi\/index.php\/ota-yhteytta\/","name":"Ota yhteytt\u00e4 - Laki J. Inkinen","isPartOf":{"@id":"https:\/\/johannainkinen.fi\/#website"},"datePublished":"2022-08-25T13:37:53+00:00","dateModified":"2022-09-08T14:16:53+00:00","breadcrumb":{"@id":"https:\/\/johannainkinen.fi\/index.php\/ota-yhteytta\/#breadcrumb"},"inLanguage":"fi","potentialAction":[{"@type":"ReadAction","target":["https:\/\/johannainkinen.fi\/index.php\/ota-yhteytta\/"]}]},{"@type":"BreadcrumbList","@id":"https:\/\/johannainkinen.fi\/index.php\/ota-yhteytta\/#breadcrumb","itemListElement":[{"@type":"ListItem","position":1,"name":"Etusivu","item":"https:\/\/johannainkinen.fi\/"},{"@type":"ListItem","position":2,"name":"Ota yhteytt\u00e4"}]},{"@type":"WebSite","@id":"https:\/\/johannainkinen.fi\/#website","url":"https:\/\/johannainkinen.fi\/","name":"Laki J. Inkinen","description":"Yhden naisen asiantuntijayritys","publisher":{"@id":"https:\/\/johannainkinen.fi\/#organization"},"potentialAction":[{"@type":"SearchAction","target":{"@type":"EntryPoint","urlTemplate":"https:\/\/johannainkinen.fi\/?s={search_term_string}"},"query-input":"required name=search_term_string"}],"inLanguage":"fi"},{"@type":"Organization","@id":"https:\/\/johannainkinen.fi\/#organization","name":"Laki J. Inkinen","url":"https:\/\/johannainkinen.fi\/","logo":{"@type":"ImageObject","inLanguage":"fi","@id":"https:\/\/johannainkinen.fi\/#\/schema\/logo\/image\/","url":"https:\/\/johannainkinen.fi\/wp-content\/uploads\/2022\/09\/omenankukat4-scaled.jpg","contentUrl":"https:\/\/johannainkinen.fi\/wp-content\/uploads\/2022\/09\/omenankukat4-scaled.jpg","width":2560,"height":1707,"caption":"Laki J. Inkinen"},"image":{"@id":"https:\/\/johannainkinen.fi\/#\/schema\/logo\/image\/"}}]}},"_links":{"self":[{"href":"https:\/\/johannainkinen.fi\/index.php\/wp-json\/wp\/v2\/pages\/8"}],"collection":[{"href":"https:\/\/johannainkinen.fi\/index.php\/wp-json\/wp\/v2\/pages"}],"about":[{"href":"https:\/\/johannainkinen.fi\/index.php\/wp-json\/wp\/v2\/types\/page"}],"author":[{"embeddable":true,"href":"https:\/\/johannainkinen.fi\/index.php\/wp-json\/wp\/v2\/users\/1"}],"replies":[{"embeddable":true,"href":"https:\/\/johannainkinen.fi\/index.php\/wp-json\/wp\/v2\/comments?post=8"}],"version-history":[{"count":6,"href":"https:\/\/johannainkinen.fi\/index.php\/wp-json\/wp\/v2\/pages\/8\/revisions"}],"predecessor-version":[{"id":231,"href":"https:\/\/johannainkinen.fi\/index.php\/wp-json\/wp\/v2\/pages\/8\/revisions\/231"}],"wp:attachment":[{"href":"https:\/\/johannainkinen.fi\/index.php\/wp-json\/wp\/v2\/media?parent=8"}],"curies":[{"name":"wp","href":"https:\/\/api.w.org\/{rel}","templated":true}]}}